{"id":1514,"date":"2025-09-20T06:19:48","date_gmt":"2025-09-20T06:19:48","guid":{"rendered":"https:\/\/timetoarrive.ch\/relocation\/"},"modified":"2025-12-15T11:55:21","modified_gmt":"2025-12-15T11:55:21","slug":"relocation","status":"publish","type":"page","link":"https:\/\/timetoarrive.ch\/de\/relocation\/","title":{"rendered":"Verlegung"},"content":{"rendered":"\t\t<div data-elementor-type=\"wp-page\" data-elementor-id=\"1514\" class=\"elementor elementor-1514 elementor-18\" data-elementor-post-type=\"page\">\n\t\t\t\t<div class=\"elementor-element elementor-element-d08a94c e-flex e-con-boxed e-con e-parent\" data-id=\"d08a94c\" data-element_type=\"container\" data-e-type=\"container\" data-settings=\"{&quot;background_background&quot;:&quot;classic&quot;}\">\n\t\t\t\t\t<div class=\"e-con-inner\">\n\t\t\t\t<div class=\"elementor-element elementor-element-d07a408 elementor-widget__width-initial cu-title elementor-widget elementor-widget-heading\" data-id=\"d07a408\" data-element_type=\"widget\" data-e-type=\"widget\" data-widget_type=\"heading.default\">\n\t\t\t\t\t<h1 class=\"elementor-heading-title elementor-size-default\">Relocation<\/h1>\t\t\t\t<\/div>\n\t\t\t\t<div class=\"elementor-element elementor-element-3b30272 elementor-widget__width-initial cu-title elementor-widget elementor-widget-heading\" data-id=\"3b30272\" data-element_type=\"widget\" data-e-type=\"widget\" data-widget_type=\"heading.default\">\n\t\t\t\t\t<span class=\"elementor-heading-title elementor-size-default\">Ihr Neuanfang \u2013 mit unserer Erfahrung an Ihrer Seite. Wir unterst\u00fctzen Sie mit Herz und Expertise beim Auswandern in die Schweiz.<\/span>\t\t\t\t<\/div>\n\t\t\t\t\t<\/div>\n\t\t\t\t<\/div>\n\t\t<div class=\"elementor-element elementor-element-ed6262a e-flex e-con-boxed e-con e-parent\" data-id=\"ed6262a\" data-element_type=\"container\" data-e-type=\"container\">\n\t\t\t\t\t<div class=\"e-con-inner\">\n\t\t<div class=\"elementor-element elementor-element-a43750d e-con-full e-flex e-con e-child\" data-id=\"a43750d\" data-element_type=\"container\" data-e-type=\"container\">\n\t\t\t\t<div class=\"elementor-element elementor-element-5b7cfbd elementor-position-inline-start elementor-mobile-position-inline-start elementor-view-default elementor-widget elementor-widget-icon-box\" data-id=\"5b7cfbd\" data-element_type=\"widget\" data-e-type=\"widget\" data-widget_type=\"icon-box.default\">\n\t\t\t\t\t\t\t<div class=\"elementor-icon-box-wrapper\">\n\n\t\t\t\t\t\t<div class=\"elementor-icon-box-icon\">\n\t\t\t\t<span  class=\"elementor-icon\">\n\t\t\t\t<svg xmlns=\"http:\/\/www.w3.org\/2000\/svg\" clip-rule=\"evenodd\" fill-rule=\"evenodd\" height=\"43.349mm\" image-rendering=\"optimizeQuality\" shape-rendering=\"geometricPrecision\" text-rendering=\"geometricPrecision\" viewBox=\"0 0 43.3492 43.3492\" width=\"43.349mm\"><g id=\"Layer_x0020_1\"><path d=\"m18.7919 40.4666c-10.3656 0-18.7919-8.4264-18.7919-18.792s8.4263-18.792 18.7919-18.792c4.7533 0 9.2138 1.7264 12.689 4.912-1.1559.6835-2.2714 1.4406-3.3443 2.2601-2.6332-2.1243-5.9073-3.2939-9.3447-3.2939-8.2149 0-14.9137 6.6989-14.9137 14.9138s6.6988 14.9138 14.9137 14.9138c11.4303 0 18.2165-12.2181 13.3002-21.7178.7451-.6929 1.512-1.3645 2.2992-2.0137.2324-.1917.4668-.3816.7029-.5696 1.6446 2.8405 2.49 6.0611 2.49 9.3872-.0002 10.3657-8.4266 18.7921-18.7923 18.7921z\"><\/path><path d=\"m19.2856 31.335c-.2115 0-.3878-.141-.4583-.3173-.0352-.0705-3.0674-7.8976-7.7566-10.8592-.9167-.5641-1.6217-1.1635-1.3397-2.5033.282-1.3045 1.1635-2.0449 2.75-2.3975 2.8205-.5994 5.8526 3.7725 6.9809 5.5707 3.9487-5.7469 11.8463-14.7728 23.3401-15.8305.5545-.065.7595.7569.2468.9872-.1763.0705-16.6062 7.5804-23.2697 25.0679-.1057.1762-.282.282-.4935.282z\"><\/path><\/g><\/svg>\t\t\t\t<\/span>\n\t\t\t<\/div>\n\t\t\t\n\t\t\t\t\t\t<div class=\"elementor-icon-box-content\">\n\n\t\t\t\t\t\t\t\t\t<h3 class=\"elementor-icon-box-title\">\n\t\t\t\t\t\t<span  >\n\t\t\t\t\t\t\tOrientierungstour\t\t\t\t\t\t<\/span>\n\t\t\t\t\t<\/h3>\n\t\t\t\t\n\t\t\t\t\t\t\t\t\t<p class=\"elementor-icon-box-description\">\n\t\t\t\t\t\tLernen Sie Luzern mit uns kennen. Bei einer individuell gestalteten Tour geben wir wertvolle Einblicke in die verschiedenen Quartiere, die Infrastruktur, Freizeitm\u00f6glichkeiten und den Alltag vor Ort. So k\u00f6nnen Sie sich ein klares Bild von Ihrem neuen Zuhause machen und fundierte Entscheidungen treffen.\t\t\t\t\t<\/p>\n\t\t\t\t\n\t\t\t<\/div>\n\t\t\t\n\t\t<\/div>\n\t\t\t\t\t\t<\/div>\n\t\t\t\t<div class=\"elementor-element elementor-element-93c53f7 elementor-position-inline-start elementor-mobile-position-inline-start elementor-view-default elementor-widget elementor-widget-icon-box\" data-id=\"93c53f7\" data-element_type=\"widget\" data-e-type=\"widget\" data-widget_type=\"icon-box.default\">\n\t\t\t\t\t\t\t<div class=\"elementor-icon-box-wrapper\">\n\n\t\t\t\t\t\t<div class=\"elementor-icon-box-icon\">\n\t\t\t\t<span  class=\"elementor-icon\">\n\t\t\t\t<svg xmlns=\"http:\/\/www.w3.org\/2000\/svg\" clip-rule=\"evenodd\" fill-rule=\"evenodd\" height=\"43.349mm\" image-rendering=\"optimizeQuality\" shape-rendering=\"geometricPrecision\" text-rendering=\"geometricPrecision\" viewBox=\"0 0 43.3492 43.3492\" width=\"43.349mm\"><g id=\"Layer_x0020_1\"><path d=\"m18.7919 40.4666c-10.3656 0-18.7919-8.4264-18.7919-18.792s8.4263-18.792 18.7919-18.792c4.7533 0 9.2138 1.7264 12.689 4.912-1.1559.6835-2.2714 1.4406-3.3443 2.2601-2.6332-2.1243-5.9073-3.2939-9.3447-3.2939-8.2149 0-14.9137 6.6989-14.9137 14.9138s6.6988 14.9138 14.9137 14.9138c11.4303 0 18.2165-12.2181 13.3002-21.7178.7451-.6929 1.512-1.3645 2.2992-2.0137.2324-.1917.4668-.3816.7029-.5696 1.6446 2.8405 2.49 6.0611 2.49 9.3872-.0002 10.3657-8.4266 18.7921-18.7923 18.7921z\"><\/path><path d=\"m19.2856 31.335c-.2115 0-.3878-.141-.4583-.3173-.0352-.0705-3.0674-7.8976-7.7566-10.8592-.9167-.5641-1.6217-1.1635-1.3397-2.5033.282-1.3045 1.1635-2.0449 2.75-2.3975 2.8205-.5994 5.8526 3.7725 6.9809 5.5707 3.9487-5.7469 11.8463-14.7728 23.3401-15.8305.5545-.065.7595.7569.2468.9872-.1763.0705-16.6062 7.5804-23.2697 25.0679-.1057.1762-.282.282-.4935.282z\"><\/path><\/g><\/svg>\t\t\t\t<\/span>\n\t\t\t<\/div>\n\t\t\t\n\t\t\t\t\t\t<div class=\"elementor-icon-box-content\">\n\n\t\t\t\t\t\t\t\t\t<h3 class=\"elementor-icon-box-title\">\n\t\t\t\t\t\t<span  >\n\t\t\t\t\t\t\tWohnraumsuche\t\t\t\t\t\t<\/span>\n\t\t\t\t\t<\/h3>\n\t\t\t\t\n\t\t\t\t\t\t\t\t\t<p class=\"elementor-icon-box-description\">\n\t\t\t\t\t\tDie passende Wohnung in Luzern zu finden, kann herausfordernd sein. Wir unterst\u00fctzen Sie w\u00e4hrend des gesamten Mietprozesses, von der Bedarfsermittlung \u00fcber Besichtigungstermine bis zur Vertragsabwicklung und sorgen f\u00fcr eine reibungslose \u00dcbergabe Ihres neuen Zuhauses \u2013 damit Ihr <span data-start=\"796\" data-end=\"825\">Auswandern in die Schweiz<\/span> stressfrei gelingt.\t\t\t\t\t<\/p>\n\t\t\t\t\n\t\t\t<\/div>\n\t\t\t\n\t\t<\/div>\n\t\t\t\t\t\t<\/div>\n\t\t\t\t<\/div>\n\t\t<div class=\"elementor-element elementor-element-31c8d64 e-con-full e-flex e-con e-child\" data-id=\"31c8d64\" data-element_type=\"container\" data-e-type=\"container\">\n\t\t\t\t<div class=\"elementor-element elementor-element-c2aff0b elementor-position-inline-start elementor-mobile-position-inline-start elementor-view-default elementor-widget elementor-widget-icon-box\" data-id=\"c2aff0b\" data-element_type=\"widget\" data-e-type=\"widget\" data-widget_type=\"icon-box.default\">\n\t\t\t\t\t\t\t<div class=\"elementor-icon-box-wrapper\">\n\n\t\t\t\t\t\t<div class=\"elementor-icon-box-icon\">\n\t\t\t\t<span  class=\"elementor-icon\">\n\t\t\t\t<svg xmlns=\"http:\/\/www.w3.org\/2000\/svg\" clip-rule=\"evenodd\" fill-rule=\"evenodd\" height=\"43.349mm\" image-rendering=\"optimizeQuality\" shape-rendering=\"geometricPrecision\" text-rendering=\"geometricPrecision\" viewBox=\"0 0 43.3492 43.3492\" width=\"43.349mm\"><g id=\"Layer_x0020_1\"><path d=\"m18.7919 40.4666c-10.3656 0-18.7919-8.4264-18.7919-18.792s8.4263-18.792 18.7919-18.792c4.7533 0 9.2138 1.7264 12.689 4.912-1.1559.6835-2.2714 1.4406-3.3443 2.2601-2.6332-2.1243-5.9073-3.2939-9.3447-3.2939-8.2149 0-14.9137 6.6989-14.9137 14.9138s6.6988 14.9138 14.9137 14.9138c11.4303 0 18.2165-12.2181 13.3002-21.7178.7451-.6929 1.512-1.3645 2.2992-2.0137.2324-.1917.4668-.3816.7029-.5696 1.6446 2.8405 2.49 6.0611 2.49 9.3872-.0002 10.3657-8.4266 18.7921-18.7923 18.7921z\"><\/path><path d=\"m19.2856 31.335c-.2115 0-.3878-.141-.4583-.3173-.0352-.0705-3.0674-7.8976-7.7566-10.8592-.9167-.5641-1.6217-1.1635-1.3397-2.5033.282-1.3045 1.1635-2.0449 2.75-2.3975 2.8205-.5994 5.8526 3.7725 6.9809 5.5707 3.9487-5.7469 11.8463-14.7728 23.3401-15.8305.5545-.065.7595.7569.2468.9872-.1763.0705-16.6062 7.5804-23.2697 25.0679-.1057.1762-.282.282-.4935.282z\"><\/path><\/g><\/svg>\t\t\t\t<\/span>\n\t\t\t<\/div>\n\t\t\t\n\t\t\t\t\t\t<div class=\"elementor-icon-box-content\">\n\n\t\t\t\t\t\t\t\t\t<h3 class=\"elementor-icon-box-title\">\n\t\t\t\t\t\t<span  >\n\t\t\t\t\t\t\tUnterst\u00fctzung beim Ankommen\t\t\t\t\t\t<\/span>\n\t\t\t\t\t<\/h3>\n\t\t\t\t\n\t\t\t\t\t\t\t\t\t<p class=\"elementor-icon-box-description\">\n\t\t\t\t\t\tDie ersten administrativen Aufgaben k\u00f6nnen \u00fcberw\u00e4ltigend sein. Wir begleiten Sie bei allen wichtigen Schritten wie der Anmeldung vor Ort, der Krankenversicherung, der Er\u00f6ffnung eines Bankkontos oder der Wahl der passenden Schule f\u00fcr Ihre Kinder, damit Ihr Start so einfach und angenehm wie m\u00f6glich verl\u00e4uft.\t\t\t\t\t<\/p>\n\t\t\t\t\n\t\t\t<\/div>\n\t\t\t\n\t\t<\/div>\n\t\t\t\t\t\t<\/div>\n\t\t\t\t<div class=\"elementor-element elementor-element-74e1f90 elementor-position-inline-start elementor-mobile-position-inline-start elementor-view-default elementor-widget elementor-widget-icon-box\" data-id=\"74e1f90\" data-element_type=\"widget\" data-e-type=\"widget\" data-widget_type=\"icon-box.default\">\n\t\t\t\t\t\t\t<div class=\"elementor-icon-box-wrapper\">\n\n\t\t\t\t\t\t<div class=\"elementor-icon-box-icon\">\n\t\t\t\t<span  class=\"elementor-icon\">\n\t\t\t\t<svg xmlns=\"http:\/\/www.w3.org\/2000\/svg\" clip-rule=\"evenodd\" fill-rule=\"evenodd\" height=\"43.349mm\" image-rendering=\"optimizeQuality\" shape-rendering=\"geometricPrecision\" text-rendering=\"geometricPrecision\" viewBox=\"0 0 43.3492 43.3492\" width=\"43.349mm\"><g id=\"Layer_x0020_1\"><path d=\"m18.7919 40.4666c-10.3656 0-18.7919-8.4264-18.7919-18.792s8.4263-18.792 18.7919-18.792c4.7533 0 9.2138 1.7264 12.689 4.912-1.1559.6835-2.2714 1.4406-3.3443 2.2601-2.6332-2.1243-5.9073-3.2939-9.3447-3.2939-8.2149 0-14.9137 6.6989-14.9137 14.9138s6.6988 14.9138 14.9137 14.9138c11.4303 0 18.2165-12.2181 13.3002-21.7178.7451-.6929 1.512-1.3645 2.2992-2.0137.2324-.1917.4668-.3816.7029-.5696 1.6446 2.8405 2.49 6.0611 2.49 9.3872-.0002 10.3657-8.4266 18.7921-18.7923 18.7921z\"><\/path><path d=\"m19.2856 31.335c-.2115 0-.3878-.141-.4583-.3173-.0352-.0705-3.0674-7.8976-7.7566-10.8592-.9167-.5641-1.6217-1.1635-1.3397-2.5033.282-1.3045 1.1635-2.0449 2.75-2.3975 2.8205-.5994 5.8526 3.7725 6.9809 5.5707 3.9487-5.7469 11.8463-14.7728 23.3401-15.8305.5545-.065.7595.7569.2468.9872-.1763.0705-16.6062 7.5804-23.2697 25.0679-.1057.1762-.282.282-.4935.282z\"><\/path><\/g><\/svg>\t\t\t\t<\/span>\n\t\t\t<\/div>\n\t\t\t\n\t\t\t\t\t\t<div class=\"elementor-icon-box-content\">\n\n\t\t\t\t\t\t\t\t\t<h3 class=\"elementor-icon-box-title\">\n\t\t\t\t\t\t<span  >\n\t\t\t\t\t\t\tTime to arrive\t\t\t\t\t\t<\/span>\n\t\t\t\t\t<\/h3>\n\t\t\t\t\n\t\t\t\t\t\t\t\t\t<p class=\"elementor-icon-box-description\">\n\t\t\t\t\t\tAnkommen bedeutet mehr als nur einziehen. Wir bieten pers\u00f6nliche Unterst\u00fctzung und praktische Hilfestellungen im Alltag, beantworten Ihre Fragen und geben zielgerichtete Empfehlungen, damit Sie und Ihre Familie nach dem Auswandern in die Schweiz wirklich ankommen und Ihr neues Kapitel in der Schweiz mit Zuversicht starten.\t\t\t\t\t<\/p>\n\t\t\t\t\n\t\t\t<\/div>\n\t\t\t\n\t\t<\/div>\n\t\t\t\t\t\t<\/div>\n\t\t\t\t<\/div>\n\t\t<div class=\"elementor-element elementor-element-5969a53 e-con-full e-flex e-con e-child\" data-id=\"5969a53\" data-element_type=\"container\" data-e-type=\"container\" data-settings=\"{&quot;background_background&quot;:&quot;classic&quot;}\">\n\t\t\t\t<div class=\"elementor-element elementor-element-d4ff37b elementor-widget elementor-widget-heading\" data-id=\"d4ff37b\" data-element_type=\"widget\" data-e-type=\"widget\" data-widget_type=\"heading.default\">\n\t\t\t\t\t<h2 class=\"elementor-heading-title elementor-size-default\">M\u00f6chten Sie ein pers\u00f6nliches Angebot erhalten?<\/h2>\t\t\t\t<\/div>\n\t\t\t\t<div class=\"elementor-element elementor-element-1eadadf elementor-widget elementor-widget-button\" data-id=\"1eadadf\" data-element_type=\"widget\" data-e-type=\"widget\" data-widget_type=\"button.default\">\n\t\t\t\t\t\t\t\t\t\t<a class=\"elementor-button elementor-button-link elementor-size-sm\" href=\"https:\/\/timetoarrive.ch\/de\/kontakt\/\">\n\t\t\t\t\t\t<span class=\"elementor-button-content-wrapper\">\n\t\t\t\t\t\t\t\t\t<span class=\"elementor-button-text\">Kontaktieren Sie uns<\/span>\n\t\t\t\t\t<\/span>\n\t\t\t\t\t<\/a>\n\t\t\t\t\t\t\t\t<\/div>\n\t\t\t\t<\/div>\n\t\t\t\t\t<\/div>\n\t\t\t\t<\/div>\n\t\t\t\t<\/div>\n\t\t","protected":false},"excerpt":{"rendered":"<p>Relocation Ihr Neuanfang \u2013 mit unserer Erfahrung an Ihrer Seite. Wir unterst\u00fctzen Sie mit Herz und Expertise beim Auswandern in die Schweiz. Orientierungstour Lernen Sie Luzern mit uns kennen. Bei einer individuell gestalteten Tour geben wir wertvolle Einblicke in die verschiedenen Quartiere, die Infrastruktur, Freizeitm\u00f6glichkeiten und den Alltag vor Ort. So k\u00f6nnen Sie sich ein [&hellip;]<\/p>\n","protected":false},"author":1,"featured_media":0,"parent":0,"menu_order":3,"comment_status":"closed","ping_status":"closed","template":"elementor_header_footer","meta":{"footnotes":""},"class_list":["post-1514","page","type-page","status-publish","hentry"],"yoast_head":"<!-- This site is optimized with the Yoast SEO plugin v27.4 - https:\/\/yoast.com\/product\/yoast-seo-wordpress\/ -->\n<title>Auswandern Schweiz | Professionelle Hilfe beim Ankommen<\/title>\n<meta name=\"description\" content=\"Sie m\u00f6chten in die Schweiz auswandern? arrive unterst\u00fctzt Sie bei Orientierung, Wohnungssuche und Integration in Luzern \u2013 pers\u00f6nlich, erfahren und zuverl\u00e4ssig.\" \/>\n<meta name=\"robots\" content=\"index, follow, max-snippet:-1, max-image-preview:large, max-video-preview:-1\" \/>\n<link rel=\"canonical\" href=\"https:\/\/timetoarrive.ch\/de\/relocation\/\" \/>\n<meta property=\"og:locale\" content=\"de_DE\" \/>\n<meta property=\"og:type\" content=\"article\" \/>\n<meta property=\"og:title\" content=\"Auswandern Schweiz | Professionelle Hilfe beim Ankommen\" \/>\n<meta property=\"og:description\" content=\"Sie m\u00f6chten in die Schweiz auswandern? arrive unterst\u00fctzt Sie bei Orientierung, Wohnungssuche und Integration in Luzern \u2013 pers\u00f6nlich, erfahren und zuverl\u00e4ssig.\" \/>\n<meta property=\"og:url\" content=\"https:\/\/timetoarrive.ch\/de\/relocation\/\" \/>\n<meta property=\"og:site_name\" content=\"Time To Arrive\" \/>\n<meta property=\"article:publisher\" content=\"https:\/\/www.facebook.com\/time2arrive\" \/>\n<meta property=\"article:modified_time\" content=\"2025-12-15T11:55:21+00:00\" \/>\n<meta name=\"twitter:card\" content=\"summary_large_image\" \/>\n<meta name=\"twitter:label1\" content=\"Gesch\u00e4tzte Lesezeit\" \/>\n\t<meta name=\"twitter:data1\" content=\"2\u00a0Minuten\" \/>\n<script type=\"application\/ld+json\" class=\"yoast-schema-graph\">{\"@context\":\"https:\\\/\\\/schema.org\",\"@graph\":[{\"@type\":\"WebPage\",\"@id\":\"https:\\\/\\\/timetoarrive.ch\\\/de\\\/relocation\\\/\",\"url\":\"https:\\\/\\\/timetoarrive.ch\\\/de\\\/relocation\\\/\",\"name\":\"Auswandern Schweiz | Professionelle Hilfe beim Ankommen\",\"isPartOf\":{\"@id\":\"https:\\\/\\\/timetoarrive.ch\\\/de\\\/#website\"},\"datePublished\":\"2025-09-20T06:19:48+00:00\",\"dateModified\":\"2025-12-15T11:55:21+00:00\",\"description\":\"Sie m\u00f6chten in die Schweiz auswandern? arrive unterst\u00fctzt Sie bei Orientierung, Wohnungssuche und Integration in Luzern \u2013 pers\u00f6nlich, erfahren und zuverl\u00e4ssig.\",\"breadcrumb\":{\"@id\":\"https:\\\/\\\/timetoarrive.ch\\\/de\\\/relocation\\\/#breadcrumb\"},\"inLanguage\":\"de\",\"potentialAction\":[{\"@type\":\"ReadAction\",\"target\":[\"https:\\\/\\\/timetoarrive.ch\\\/de\\\/relocation\\\/\"]}]},{\"@type\":\"BreadcrumbList\",\"@id\":\"https:\\\/\\\/timetoarrive.ch\\\/de\\\/relocation\\\/#breadcrumb\",\"itemListElement\":[{\"@type\":\"ListItem\",\"position\":1,\"name\":\"Home\",\"item\":\"https:\\\/\\\/timetoarrive.ch\\\/de\\\/\"},{\"@type\":\"ListItem\",\"position\":2,\"name\":\"Verlegung\"}]},{\"@type\":\"WebSite\",\"@id\":\"https:\\\/\\\/timetoarrive.ch\\\/de\\\/#website\",\"url\":\"https:\\\/\\\/timetoarrive.ch\\\/de\\\/\",\"name\":\"time to arrive\",\"description\":\"Damit Sie in der Schweiz ankommen und bleiben\",\"publisher\":{\"@id\":\"https:\\\/\\\/timetoarrive.ch\\\/de\\\/#organization\"},\"potentialAction\":[{\"@type\":\"SearchAction\",\"target\":{\"@type\":\"EntryPoint\",\"urlTemplate\":\"https:\\\/\\\/timetoarrive.ch\\\/de\\\/?s={search_term_string}\"},\"query-input\":{\"@type\":\"PropertyValueSpecification\",\"valueRequired\":true,\"valueName\":\"search_term_string\"}}],\"inLanguage\":\"de\"},{\"@type\":\"Organization\",\"@id\":\"https:\\\/\\\/timetoarrive.ch\\\/de\\\/#organization\",\"name\":\"arrive GmbH\",\"url\":\"https:\\\/\\\/timetoarrive.ch\\\/de\\\/\",\"logo\":{\"@type\":\"ImageObject\",\"inLanguage\":\"de\",\"@id\":\"https:\\\/\\\/timetoarrive.ch\\\/de\\\/#\\\/schema\\\/logo\\\/image\\\/\",\"url\":\"https:\\\/\\\/timetoarrive.ch\\\/wp-content\\\/uploads\\\/2025\\\/09\\\/time-to-arive-logo.webp\",\"contentUrl\":\"https:\\\/\\\/timetoarrive.ch\\\/wp-content\\\/uploads\\\/2025\\\/09\\\/time-to-arive-logo.webp\",\"width\":500,\"height\":170,\"caption\":\"arrive GmbH\"},\"image\":{\"@id\":\"https:\\\/\\\/timetoarrive.ch\\\/de\\\/#\\\/schema\\\/logo\\\/image\\\/\"},\"sameAs\":[\"https:\\\/\\\/www.facebook.com\\\/time2arrive\",\"https:\\\/\\\/www.instagram.com\\\/time2arrive\\\/\",\"https:\\\/\\\/www.linkedin.com\\\/company\\\/time2arrive\\\/\"]}]}<\/script>\n<!-- \/ Yoast SEO plugin. -->","yoast_head_json":{"title":"Auswandern Schweiz | Professionelle Hilfe beim Ankommen","description":"Sie m\u00f6chten in die Schweiz auswandern? arrive unterst\u00fctzt Sie bei Orientierung, Wohnungssuche und Integration in Luzern \u2013 pers\u00f6nlich, erfahren und zuverl\u00e4ssig.","robots":{"index":"index","follow":"follow","max-snippet":"max-snippet:-1","max-image-preview":"max-image-preview:large","max-video-preview":"max-video-preview:-1"},"canonical":"https:\/\/timetoarrive.ch\/de\/relocation\/","og_locale":"de_DE","og_type":"article","og_title":"Auswandern Schweiz | Professionelle Hilfe beim Ankommen","og_description":"Sie m\u00f6chten in die Schweiz auswandern? arrive unterst\u00fctzt Sie bei Orientierung, Wohnungssuche und Integration in Luzern \u2013 pers\u00f6nlich, erfahren und zuverl\u00e4ssig.","og_url":"https:\/\/timetoarrive.ch\/de\/relocation\/","og_site_name":"Time To Arrive","article_publisher":"https:\/\/www.facebook.com\/time2arrive","article_modified_time":"2025-12-15T11:55:21+00:00","twitter_card":"summary_large_image","twitter_misc":{"Gesch\u00e4tzte Lesezeit":"2\u00a0Minuten"},"schema":{"@context":"https:\/\/schema.org","@graph":[{"@type":"WebPage","@id":"https:\/\/timetoarrive.ch\/de\/relocation\/","url":"https:\/\/timetoarrive.ch\/de\/relocation\/","name":"Auswandern Schweiz | Professionelle Hilfe beim Ankommen","isPartOf":{"@id":"https:\/\/timetoarrive.ch\/de\/#website"},"datePublished":"2025-09-20T06:19:48+00:00","dateModified":"2025-12-15T11:55:21+00:00","description":"Sie m\u00f6chten in die Schweiz auswandern? arrive unterst\u00fctzt Sie bei Orientierung, Wohnungssuche und Integration in Luzern \u2013 pers\u00f6nlich, erfahren und zuverl\u00e4ssig.","breadcrumb":{"@id":"https:\/\/timetoarrive.ch\/de\/relocation\/#breadcrumb"},"inLanguage":"de","potentialAction":[{"@type":"ReadAction","target":["https:\/\/timetoarrive.ch\/de\/relocation\/"]}]},{"@type":"BreadcrumbList","@id":"https:\/\/timetoarrive.ch\/de\/relocation\/#breadcrumb","itemListElement":[{"@type":"ListItem","position":1,"name":"Home","item":"https:\/\/timetoarrive.ch\/de\/"},{"@type":"ListItem","position":2,"name":"Verlegung"}]},{"@type":"WebSite","@id":"https:\/\/timetoarrive.ch\/de\/#website","url":"https:\/\/timetoarrive.ch\/de\/","name":"time to arrive","description":"Damit Sie in der Schweiz ankommen und bleiben","publisher":{"@id":"https:\/\/timetoarrive.ch\/de\/#organization"},"potentialAction":[{"@type":"SearchAction","target":{"@type":"EntryPoint","urlTemplate":"https:\/\/timetoarrive.ch\/de\/?s={search_term_string}"},"query-input":{"@type":"PropertyValueSpecification","valueRequired":true,"valueName":"search_term_string"}}],"inLanguage":"de"},{"@type":"Organization","@id":"https:\/\/timetoarrive.ch\/de\/#organization","name":"arrive GmbH","url":"https:\/\/timetoarrive.ch\/de\/","logo":{"@type":"ImageObject","inLanguage":"de","@id":"https:\/\/timetoarrive.ch\/de\/#\/schema\/logo\/image\/","url":"https:\/\/timetoarrive.ch\/wp-content\/uploads\/2025\/09\/time-to-arive-logo.webp","contentUrl":"https:\/\/timetoarrive.ch\/wp-content\/uploads\/2025\/09\/time-to-arive-logo.webp","width":500,"height":170,"caption":"arrive GmbH"},"image":{"@id":"https:\/\/timetoarrive.ch\/de\/#\/schema\/logo\/image\/"},"sameAs":["https:\/\/www.facebook.com\/time2arrive","https:\/\/www.instagram.com\/time2arrive\/","https:\/\/www.linkedin.com\/company\/time2arrive\/"]}]}},"_links":{"self":[{"href":"https:\/\/timetoarrive.ch\/de\/wp-json\/wp\/v2\/pages\/1514","targetHints":{"allow":["GET"]}}],"collection":[{"href":"https:\/\/timetoarrive.ch\/de\/wp-json\/wp\/v2\/pages"}],"about":[{"href":"https:\/\/timetoarrive.ch\/de\/wp-json\/wp\/v2\/types\/page"}],"author":[{"embeddable":true,"href":"https:\/\/timetoarrive.ch\/de\/wp-json\/wp\/v2\/users\/1"}],"replies":[{"embeddable":true,"href":"https:\/\/timetoarrive.ch\/de\/wp-json\/wp\/v2\/comments?post=1514"}],"version-history":[{"count":65,"href":"https:\/\/timetoarrive.ch\/de\/wp-json\/wp\/v2\/pages\/1514\/revisions"}],"predecessor-version":[{"id":3021,"href":"https:\/\/timetoarrive.ch\/de\/wp-json\/wp\/v2\/pages\/1514\/revisions\/3021"}],"wp:attachment":[{"href":"https:\/\/timetoarrive.ch\/de\/wp-json\/wp\/v2\/media?parent=1514"}],"curies":[{"name":"wp","href":"https:\/\/api.w.org\/{rel}","templated":true}]}}