{"id":1520,"date":"2025-09-20T06:19:55","date_gmt":"2025-09-20T06:19:55","guid":{"rendered":"https:\/\/timetoarrive.ch\/german-classes\/"},"modified":"2025-11-03T10:41:26","modified_gmt":"2025-11-03T10:41:26","slug":"deutschunterricht","status":"publish","type":"page","link":"https:\/\/timetoarrive.ch\/de\/deutschunterricht\/","title":{"rendered":"Deutschunterricht"},"content":{"rendered":"\t\t<div data-elementor-type=\"wp-page\" data-elementor-id=\"1520\" class=\"elementor elementor-1520 elementor-19\" data-elementor-post-type=\"page\">\n\t\t\t\t<div class=\"elementor-element elementor-element-7e24904 e-flex e-con-boxed e-con e-parent\" data-id=\"7e24904\" data-element_type=\"container\" data-e-type=\"container\" data-settings=\"{&quot;background_background&quot;:&quot;classic&quot;}\">\n\t\t\t\t\t<div class=\"e-con-inner\">\n\t\t\t\t<div class=\"elementor-element elementor-element-bd7f607 elementor-widget__width-initial cu-title elementor-widget elementor-widget-heading\" data-id=\"bd7f607\" data-element_type=\"widget\" data-e-type=\"widget\" data-widget_type=\"heading.default\">\n\t\t\t\t\t<h2 class=\"elementor-heading-title elementor-size-default\">Deutschunterricht<\/h2>\t\t\t\t<\/div>\n\t\t\t\t<div class=\"elementor-element elementor-element-ffbb0d1 elementor-widget__width-initial cu-title elementor-widget elementor-widget-heading\" data-id=\"ffbb0d1\" data-element_type=\"widget\" data-e-type=\"widget\" data-widget_type=\"heading.default\">\n\t\t\t\t\t<h1 class=\"elementor-heading-title elementor-size-default\">Deutsch lernen. Die Schweiz leben.<\/h1>\t\t\t\t<\/div>\n\t\t\t\t\t<\/div>\n\t\t\t\t<\/div>\n\t\t<div class=\"elementor-element elementor-element-4c093bb e-flex e-con-boxed e-con e-parent\" data-id=\"4c093bb\" data-element_type=\"container\" data-e-type=\"container\">\n\t\t\t\t\t<div class=\"e-con-inner\">\n\t\t<div class=\"elementor-element elementor-element-866b659 e-con-full e-flex e-con e-child\" data-id=\"866b659\" data-element_type=\"container\" data-e-type=\"container\">\n\t\t\t\t<div class=\"elementor-element elementor-element-777d797 elementor-position-inline-start elementor-mobile-position-inline-start elementor-view-default elementor-widget elementor-widget-icon-box\" data-id=\"777d797\" data-element_type=\"widget\" data-e-type=\"widget\" data-widget_type=\"icon-box.default\">\n\t\t\t\t\t\t\t<div class=\"elementor-icon-box-wrapper\">\n\n\t\t\t\t\t\t<div class=\"elementor-icon-box-icon\">\n\t\t\t\t<span  class=\"elementor-icon\">\n\t\t\t\t<svg xmlns=\"http:\/\/www.w3.org\/2000\/svg\" clip-rule=\"evenodd\" fill-rule=\"evenodd\" height=\"43.349mm\" image-rendering=\"optimizeQuality\" shape-rendering=\"geometricPrecision\" text-rendering=\"geometricPrecision\" viewBox=\"0 0 43.3492 43.3492\" width=\"43.349mm\"><g id=\"Layer_x0020_1\"><path d=\"m18.7919 40.4666c-10.3656 0-18.7919-8.4264-18.7919-18.792s8.4263-18.792 18.7919-18.792c4.7533 0 9.2138 1.7264 12.689 4.912-1.1559.6835-2.2714 1.4406-3.3443 2.2601-2.6332-2.1243-5.9073-3.2939-9.3447-3.2939-8.2149 0-14.9137 6.6989-14.9137 14.9138s6.6988 14.9138 14.9137 14.9138c11.4303 0 18.2165-12.2181 13.3002-21.7178.7451-.6929 1.512-1.3645 2.2992-2.0137.2324-.1917.4668-.3816.7029-.5696 1.6446 2.8405 2.49 6.0611 2.49 9.3872-.0002 10.3657-8.4266 18.7921-18.7923 18.7921z\"><\/path><path d=\"m19.2856 31.335c-.2115 0-.3878-.141-.4583-.3173-.0352-.0705-3.0674-7.8976-7.7566-10.8592-.9167-.5641-1.6217-1.1635-1.3397-2.5033.282-1.3045 1.1635-2.0449 2.75-2.3975 2.8205-.5994 5.8526 3.7725 6.9809 5.5707 3.9487-5.7469 11.8463-14.7728 23.3401-15.8305.5545-.065.7595.7569.2468.9872-.1763.0705-16.6062 7.5804-23.2697 25.0679-.1057.1762-.282.282-.4935.282z\"><\/path><\/g><\/svg>\t\t\t\t<\/span>\n\t\t\t<\/div>\n\t\t\t\n\t\t\t\t\t\t<div class=\"elementor-icon-box-content\">\n\n\t\t\t\t\t\t\t\t\t<h3 class=\"elementor-icon-box-title\">\n\t\t\t\t\t\t<span  >\n\t\t\t\t\t\t\tEinzelunterricht\t\t\t\t\t\t<\/span>\n\t\t\t\t\t<\/h3>\n\t\t\t\t\n\t\t\t\t\t\t\t\t\t<p class=\"elementor-icon-box-description\">\n\t\t\t\t\t\tUnser Unterricht ist individuell auf Sie zugeschnitten und f\u00fcr alle Sprachniveaus geeignet. Sie k\u00f6nnen flexibel zwischen Online- oder Pr\u00e4senzunterricht in Luzern w\u00e4hlen. Im Mittelpunkt stehen Ihre Ziele und St\u00e4rken, sodass Sie schnell Fortschritte machen und Deutsch lernen in einem Rhythmus, der zu Ihrem Alltag passt.\t\t\t\t\t<\/p>\n\t\t\t\t\n\t\t\t<\/div>\n\t\t\t\n\t\t<\/div>\n\t\t\t\t\t\t<\/div>\n\t\t\t\t<div class=\"elementor-element elementor-element-903b5ac elementor-position-inline-start elementor-mobile-position-inline-start elementor-view-default elementor-widget elementor-widget-icon-box\" data-id=\"903b5ac\" data-element_type=\"widget\" data-e-type=\"widget\" data-widget_type=\"icon-box.default\">\n\t\t\t\t\t\t\t<div class=\"elementor-icon-box-wrapper\">\n\n\t\t\t\t\t\t<div class=\"elementor-icon-box-icon\">\n\t\t\t\t<span  class=\"elementor-icon\">\n\t\t\t\t<svg xmlns=\"http:\/\/www.w3.org\/2000\/svg\" clip-rule=\"evenodd\" fill-rule=\"evenodd\" height=\"43.349mm\" image-rendering=\"optimizeQuality\" shape-rendering=\"geometricPrecision\" text-rendering=\"geometricPrecision\" viewBox=\"0 0 43.3492 43.3492\" width=\"43.349mm\"><g id=\"Layer_x0020_1\"><path d=\"m18.7919 40.4666c-10.3656 0-18.7919-8.4264-18.7919-18.792s8.4263-18.792 18.7919-18.792c4.7533 0 9.2138 1.7264 12.689 4.912-1.1559.6835-2.2714 1.4406-3.3443 2.2601-2.6332-2.1243-5.9073-3.2939-9.3447-3.2939-8.2149 0-14.9137 6.6989-14.9137 14.9138s6.6988 14.9138 14.9137 14.9138c11.4303 0 18.2165-12.2181 13.3002-21.7178.7451-.6929 1.512-1.3645 2.2992-2.0137.2324-.1917.4668-.3816.7029-.5696 1.6446 2.8405 2.49 6.0611 2.49 9.3872-.0002 10.3657-8.4266 18.7921-18.7923 18.7921z\"><\/path><path d=\"m19.2856 31.335c-.2115 0-.3878-.141-.4583-.3173-.0352-.0705-3.0674-7.8976-7.7566-10.8592-.9167-.5641-1.6217-1.1635-1.3397-2.5033.282-1.3045 1.1635-2.0449 2.75-2.3975 2.8205-.5994 5.8526 3.7725 6.9809 5.5707 3.9487-5.7469 11.8463-14.7728 23.3401-15.8305.5545-.065.7595.7569.2468.9872-.1763.0705-16.6062 7.5804-23.2697 25.0679-.1057.1762-.282.282-.4935.282z\"><\/path><\/g><\/svg>\t\t\t\t<\/span>\n\t\t\t<\/div>\n\t\t\t\n\t\t\t\t\t\t<div class=\"elementor-icon-box-content\">\n\n\t\t\t\t\t\t\t\t\t<h3 class=\"elementor-icon-box-title\">\n\t\t\t\t\t\t<span  >\n\t\t\t\t\t\t\tSprachzertifikate\t\t\t\t\t\t<\/span>\n\t\t\t\t\t<\/h3>\n\t\t\t\t\n\t\t\t\t\t\t\t\t\t<p class=\"elementor-icon-box-description\">\n\t\t\t\t\t\tWir bereiten Sie gezielt auf Pr\u00fcfungen wie SDS, telc, Goethe oder fide vor. Schritt f\u00fcr Schritt \u00fcben Sie alle Pr\u00fcfungsteile, gewinnen Sicherheit und das n\u00f6tige Selbstvertrauen. Erg\u00e4nzt wird dies durch praktische Tipps und Strategien, die genau auf Ihr Niveau abgestimmt sind.\t\t\t\t\t<\/p>\n\t\t\t\t\n\t\t\t<\/div>\n\t\t\t\n\t\t<\/div>\n\t\t\t\t\t\t<\/div>\n\t\t\t\t<\/div>\n\t\t<div class=\"elementor-element elementor-element-c283884 e-con-full e-flex e-con e-child\" data-id=\"c283884\" data-element_type=\"container\" data-e-type=\"container\">\n\t\t\t\t<div class=\"elementor-element elementor-element-e1b1156 elementor-position-inline-start elementor-mobile-position-inline-start elementor-view-default elementor-widget elementor-widget-icon-box\" data-id=\"e1b1156\" data-element_type=\"widget\" data-e-type=\"widget\" data-widget_type=\"icon-box.default\">\n\t\t\t\t\t\t\t<div class=\"elementor-icon-box-wrapper\">\n\n\t\t\t\t\t\t<div class=\"elementor-icon-box-icon\">\n\t\t\t\t<span  class=\"elementor-icon\">\n\t\t\t\t<svg xmlns=\"http:\/\/www.w3.org\/2000\/svg\" clip-rule=\"evenodd\" fill-rule=\"evenodd\" height=\"43.349mm\" image-rendering=\"optimizeQuality\" shape-rendering=\"geometricPrecision\" text-rendering=\"geometricPrecision\" viewBox=\"0 0 43.3492 43.3492\" width=\"43.349mm\"><g id=\"Layer_x0020_1\"><path d=\"m18.7919 40.4666c-10.3656 0-18.7919-8.4264-18.7919-18.792s8.4263-18.792 18.7919-18.792c4.7533 0 9.2138 1.7264 12.689 4.912-1.1559.6835-2.2714 1.4406-3.3443 2.2601-2.6332-2.1243-5.9073-3.2939-9.3447-3.2939-8.2149 0-14.9137 6.6989-14.9137 14.9138s6.6988 14.9138 14.9137 14.9138c11.4303 0 18.2165-12.2181 13.3002-21.7178.7451-.6929 1.512-1.3645 2.2992-2.0137.2324-.1917.4668-.3816.7029-.5696 1.6446 2.8405 2.49 6.0611 2.49 9.3872-.0002 10.3657-8.4266 18.7921-18.7923 18.7921z\"><\/path><path d=\"m19.2856 31.335c-.2115 0-.3878-.141-.4583-.3173-.0352-.0705-3.0674-7.8976-7.7566-10.8592-.9167-.5641-1.6217-1.1635-1.3397-2.5033.282-1.3045 1.1635-2.0449 2.75-2.3975 2.8205-.5994 5.8526 3.7725 6.9809 5.5707 3.9487-5.7469 11.8463-14.7728 23.3401-15.8305.5545-.065.7595.7569.2468.9872-.1763.0705-16.6062 7.5804-23.2697 25.0679-.1057.1762-.282.282-.4935.282z\"><\/path><\/g><\/svg>\t\t\t\t<\/span>\n\t\t\t<\/div>\n\t\t\t\n\t\t\t\t\t\t<div class=\"elementor-icon-box-content\">\n\n\t\t\t\t\t\t\t\t\t<h3 class=\"elementor-icon-box-title\">\n\t\t\t\t\t\t<span  >\n\t\t\t\t\t\t\tWorkshops und Ausfl\u00fcge\t\t\t\t\t\t<\/span>\n\t\t\t\t\t<\/h3>\n\t\t\t\t\n\t\t\t\t\t\t\t\t\t<p class=\"elementor-icon-box-description\">\n\t\t\t\t\t\tDeutsch lernen heisst auch, die Sprache aktiv im Alltag zu erleben. Ob bei einer Stadtf\u00fchrung, einem kulturellen Ausflug oder einem Outdoor-Ap\u00e9ro \u2013 in unseren interaktiven Angeboten \u00fcben Sie Ihre Sprachkenntnisse, kommen mit anderen ins Gespr\u00e4ch und entdecken die Schweizer Kultur hautnah.\t\t\t\t\t<\/p>\n\t\t\t\t\n\t\t\t<\/div>\n\t\t\t\n\t\t<\/div>\n\t\t\t\t\t\t<\/div>\n\t\t\t\t<div class=\"elementor-element elementor-element-deac3bf elementor-position-inline-start elementor-mobile-position-inline-start elementor-view-default elementor-widget elementor-widget-icon-box\" data-id=\"deac3bf\" data-element_type=\"widget\" data-e-type=\"widget\" data-widget_type=\"icon-box.default\">\n\t\t\t\t\t\t\t<div class=\"elementor-icon-box-wrapper\">\n\n\t\t\t\t\t\t<div class=\"elementor-icon-box-icon\">\n\t\t\t\t<span  class=\"elementor-icon\">\n\t\t\t\t<svg xmlns=\"http:\/\/www.w3.org\/2000\/svg\" xmlns:xlink=\"http:\/\/www.w3.org\/1999\/xlink\" id=\"Capa_1\" x=\"0px\" y=\"0px\" viewBox=\"0 0 512 512\" style=\"enable-background:new 0 0 512 512;\" xml:space=\"preserve\"><g>\t<g>\t\t<path d=\"M336,16c-85.312,0-176,28.032-176,80v64c0,8.832,7.168,16,16,16c8.832,0,16-7.168,16-16v-16.672   C225.952,164.736,282.016,176,336,176s110.048-11.264,144-32.672V160c0,15.648-39.36,40.608-113.344,46.784   c-8.768,0.704-15.328,8.48-14.592,17.28c0.672,8.352,7.68,14.656,15.904,14.656c0.48,0,0.896-0.032,1.376-0.064   c41.664-3.488,83.168-14.272,110.656-31.776V224c0,13.664-28.992,33.312-82.784,42.816c-8.672,1.536-14.496,9.856-12.96,18.528   c1.376,7.744,8.128,13.216,15.712,13.216c0.928,0,1.888-0.064,2.816-0.256c32.544-5.728,58.592-15.104,77.216-27.008V288   c0,13.664-28.992,33.312-82.784,42.816c-8.672,1.536-14.496,9.856-12.96,18.528c1.376,7.744,8.128,13.216,15.712,13.216   c0.928,0,1.888-0.064,2.816-0.256c32.544-5.728,58.592-15.136,77.216-27.008V352c0,13.664-28.992,33.312-82.784,42.816   c-8.672,1.536-14.496,9.856-12.96,18.528c1.376,7.744,8.128,13.216,15.712,13.216c0.928,0,1.888-0.064,2.816-0.256   c32.544-5.728,58.592-15.136,77.216-27.008V416c0,15.648-39.36,40.608-113.344,46.784c-8.768,0.704-15.328,8.48-14.592,17.28   c0.672,8.352,7.68,14.656,15.904,14.656c0.48,0,0.896-0.032,1.376-0.064C440.352,488.704,512,462.112,512,416V96   C512,44.032,421.312,16,336,16z M336,144c-87.904,0-144-28.448-144-48s56.096-48,144-48s144,28.448,144,48S423.904,144,336,144z\"><\/path>\t<\/g><\/g><g>\t<g>\t\t<path d=\"M176,208C90.688,208,0,236.032,0,288v128c0,51.968,90.688,80,176,80s176-28.032,176-80V288   C352,236.032,261.312,208,176,208z M320,416c0,19.552-56.096,48-144,48S32,435.552,32,416v-16.672   C65.952,420.736,122.016,432,176,432s110.048-11.264,144-32.672V416z M320,352c0,19.552-56.096,48-144,48S32,371.552,32,352   v-16.672C65.952,356.736,122.016,368,176,368s110.048-11.264,144-32.672V352z M176,336c-87.904,0-144-28.448-144-48   s56.096-48,144-48s144,28.448,144,48S263.904,336,176,336z\"><\/path>\t<\/g><\/g><g><\/g><g><\/g><g><\/g><g><\/g><g><\/g><g><\/g><g><\/g><g><\/g><g><\/g><g><\/g><g><\/g><g><\/g><g><\/g><g><\/g><g><\/g><\/svg>\t\t\t\t<\/span>\n\t\t\t<\/div>\n\t\t\t\n\t\t\t\t\t\t<div class=\"elementor-icon-box-content\">\n\n\t\t\t\t\t\t\t\t\t<h3 class=\"elementor-icon-box-title\">\n\t\t\t\t\t\t<span  >\n\t\t\t\t\t\t\tPreise\t\t\t\t\t\t<\/span>\n\t\t\t\t\t<\/h3>\n\t\t\t\t\n\t\t\t\t\t\t\t\t\t<p class=\"elementor-icon-box-description\">\n\t\t\t\t\t\t<table class=\"pricing-table\">\n<tbody>\n<tr>\n<td>30-Stunden-Paket:<\/td>\n<td>CHF 85\/h<\/td>\n<\/tr>\n<tr>\n<td>15-Stunden-Paket:<\/td>\n<td>CHF 90\/h<\/td>\n<\/tr>\n<tr>\n<td>Flexible monatliche Abrechnung:<\/td>\n<td>CHF 95\/h<\/td>\n<\/tr>\n<\/tbody>\n<\/table>\t\t\t\t\t<\/p>\n\t\t\t\t\n\t\t\t<\/div>\n\t\t\t\n\t\t<\/div>\n\t\t\t\t\t\t<\/div>\n\t\t\t\t<\/div>\n\t\t<div class=\"elementor-element elementor-element-6b4da6a e-con-full e-flex e-con e-child\" data-id=\"6b4da6a\" data-element_type=\"container\" data-e-type=\"container\" data-settings=\"{&quot;background_background&quot;:&quot;classic&quot;}\">\n\t\t\t\t<div class=\"elementor-element elementor-element-4bbabdf elementor-widget elementor-widget-heading\" data-id=\"4bbabdf\" data-element_type=\"widget\" data-e-type=\"widget\" data-widget_type=\"heading.default\">\n\t\t\t\t\t<h2 class=\"elementor-heading-title elementor-size-default\">M\u00f6chten Sie ein pers\u00f6nliches Angebot erhalten?\n<\/h2>\t\t\t\t<\/div>\n\t\t\t\t<div class=\"elementor-element elementor-element-2acc7e1 elementor-widget elementor-widget-button\" data-id=\"2acc7e1\" data-element_type=\"widget\" data-e-type=\"widget\" data-widget_type=\"button.default\">\n\t\t\t\t\t\t\t\t\t\t<a class=\"elementor-button elementor-button-link elementor-size-sm\" href=\"https:\/\/timetoarrive.ch\/de\/kontakt\/\">\n\t\t\t\t\t\t<span class=\"elementor-button-content-wrapper\">\n\t\t\t\t\t\t\t\t\t<span class=\"elementor-button-text\">Kontaktieren Sie uns<\/span>\n\t\t\t\t\t<\/span>\n\t\t\t\t\t<\/a>\n\t\t\t\t\t\t\t\t<\/div>\n\t\t\t\t<\/div>\n\t\t\t\t\t<\/div>\n\t\t\t\t<\/div>\n\t\t\t\t<\/div>\n\t\t","protected":false},"excerpt":{"rendered":"<p>Deutschunterricht Deutsch lernen. Die Schweiz leben. Einzelunterricht Unser Unterricht ist individuell auf Sie zugeschnitten und f\u00fcr alle Sprachniveaus geeignet. Sie k\u00f6nnen flexibel zwischen Online- oder Pr\u00e4senzunterricht in Luzern w\u00e4hlen. Im Mittelpunkt stehen Ihre Ziele und St\u00e4rken, sodass Sie schnell Fortschritte machen und Deutsch lernen in einem Rhythmus, der zu Ihrem Alltag passt. Sprachzertifikate Wir bereiten [&hellip;]<\/p>\n","protected":false},"author":1,"featured_media":0,"parent":0,"menu_order":4,"comment_status":"closed","ping_status":"closed","template":"elementor_header_footer","meta":{"footnotes":""},"class_list":["post-1520","page","type-page","status-publish","hentry"],"yoast_head":"<!-- This site is optimized with the Yoast SEO plugin v27.4 - https:\/\/yoast.com\/product\/yoast-seo-wordpress\/ -->\n<title>Deutsch lernen in Luzern | Privatunterricht nach Mass<\/title>\n<meta name=\"description\" content=\"Deutsch lernen leicht gemacht: arrive bietet massgeschneiderten Unterricht, Pr\u00fcfungsvorbereitung und praxisnahe Workshops f\u00fcr Alltag und Beruf.\" \/>\n<meta name=\"robots\" content=\"index, follow, max-snippet:-1, max-image-preview:large, max-video-preview:-1\" \/>\n<link rel=\"canonical\" href=\"https:\/\/timetoarrive.ch\/de\/deutschunterricht\/\" \/>\n<meta property=\"og:locale\" content=\"de_DE\" \/>\n<meta property=\"og:type\" content=\"article\" \/>\n<meta property=\"og:title\" content=\"Deutsch lernen in Luzern | Privatunterricht nach Mass\" \/>\n<meta property=\"og:description\" content=\"Deutsch lernen leicht gemacht: arrive bietet massgeschneiderten Unterricht, Pr\u00fcfungsvorbereitung und praxisnahe Workshops f\u00fcr Alltag und Beruf.\" \/>\n<meta property=\"og:url\" content=\"https:\/\/timetoarrive.ch\/de\/deutschunterricht\/\" \/>\n<meta property=\"og:site_name\" content=\"Time To Arrive\" \/>\n<meta property=\"article:publisher\" content=\"https:\/\/www.facebook.com\/time2arrive\" \/>\n<meta property=\"article:modified_time\" content=\"2025-11-03T10:41:26+00:00\" \/>\n<meta name=\"twitter:card\" content=\"summary_large_image\" \/>\n<meta name=\"twitter:label1\" content=\"Gesch\u00e4tzte Lesezeit\" \/>\n\t<meta name=\"twitter:data1\" content=\"1\u00a0Minute\" \/>\n<script type=\"application\/ld+json\" class=\"yoast-schema-graph\">{\"@context\":\"https:\\\/\\\/schema.org\",\"@graph\":[{\"@type\":\"WebPage\",\"@id\":\"https:\\\/\\\/timetoarrive.ch\\\/de\\\/deutschunterricht\\\/\",\"url\":\"https:\\\/\\\/timetoarrive.ch\\\/de\\\/deutschunterricht\\\/\",\"name\":\"Deutsch lernen in Luzern | Privatunterricht nach Mass\",\"isPartOf\":{\"@id\":\"https:\\\/\\\/timetoarrive.ch\\\/de\\\/#website\"},\"datePublished\":\"2025-09-20T06:19:55+00:00\",\"dateModified\":\"2025-11-03T10:41:26+00:00\",\"description\":\"Deutsch lernen leicht gemacht: arrive bietet massgeschneiderten Unterricht, Pr\u00fcfungsvorbereitung und praxisnahe Workshops f\u00fcr Alltag und Beruf.\",\"breadcrumb\":{\"@id\":\"https:\\\/\\\/timetoarrive.ch\\\/de\\\/deutschunterricht\\\/#breadcrumb\"},\"inLanguage\":\"de\",\"potentialAction\":[{\"@type\":\"ReadAction\",\"target\":[\"https:\\\/\\\/timetoarrive.ch\\\/de\\\/deutschunterricht\\\/\"]}]},{\"@type\":\"BreadcrumbList\",\"@id\":\"https:\\\/\\\/timetoarrive.ch\\\/de\\\/deutschunterricht\\\/#breadcrumb\",\"itemListElement\":[{\"@type\":\"ListItem\",\"position\":1,\"name\":\"Home\",\"item\":\"https:\\\/\\\/timetoarrive.ch\\\/de\\\/\"},{\"@type\":\"ListItem\",\"position\":2,\"name\":\"Deutschunterricht\"}]},{\"@type\":\"WebSite\",\"@id\":\"https:\\\/\\\/timetoarrive.ch\\\/de\\\/#website\",\"url\":\"https:\\\/\\\/timetoarrive.ch\\\/de\\\/\",\"name\":\"time to arrive\",\"description\":\"Damit Sie in der Schweiz ankommen und bleiben\",\"publisher\":{\"@id\":\"https:\\\/\\\/timetoarrive.ch\\\/de\\\/#organization\"},\"potentialAction\":[{\"@type\":\"SearchAction\",\"target\":{\"@type\":\"EntryPoint\",\"urlTemplate\":\"https:\\\/\\\/timetoarrive.ch\\\/de\\\/?s={search_term_string}\"},\"query-input\":{\"@type\":\"PropertyValueSpecification\",\"valueRequired\":true,\"valueName\":\"search_term_string\"}}],\"inLanguage\":\"de\"},{\"@type\":\"Organization\",\"@id\":\"https:\\\/\\\/timetoarrive.ch\\\/de\\\/#organization\",\"name\":\"arrive GmbH\",\"url\":\"https:\\\/\\\/timetoarrive.ch\\\/de\\\/\",\"logo\":{\"@type\":\"ImageObject\",\"inLanguage\":\"de\",\"@id\":\"https:\\\/\\\/timetoarrive.ch\\\/de\\\/#\\\/schema\\\/logo\\\/image\\\/\",\"url\":\"https:\\\/\\\/timetoarrive.ch\\\/wp-content\\\/uploads\\\/2025\\\/09\\\/time-to-arive-logo.webp\",\"contentUrl\":\"https:\\\/\\\/timetoarrive.ch\\\/wp-content\\\/uploads\\\/2025\\\/09\\\/time-to-arive-logo.webp\",\"width\":500,\"height\":170,\"caption\":\"arrive GmbH\"},\"image\":{\"@id\":\"https:\\\/\\\/timetoarrive.ch\\\/de\\\/#\\\/schema\\\/logo\\\/image\\\/\"},\"sameAs\":[\"https:\\\/\\\/www.facebook.com\\\/time2arrive\",\"https:\\\/\\\/www.instagram.com\\\/time2arrive\\\/\",\"https:\\\/\\\/www.linkedin.com\\\/company\\\/time2arrive\\\/\"]}]}<\/script>\n<!-- \/ Yoast SEO plugin. -->","yoast_head_json":{"title":"Deutsch lernen in Luzern | Privatunterricht nach Mass","description":"Deutsch lernen leicht gemacht: arrive bietet massgeschneiderten Unterricht, Pr\u00fcfungsvorbereitung und praxisnahe Workshops f\u00fcr Alltag und Beruf.","robots":{"index":"index","follow":"follow","max-snippet":"max-snippet:-1","max-image-preview":"max-image-preview:large","max-video-preview":"max-video-preview:-1"},"canonical":"https:\/\/timetoarrive.ch\/de\/deutschunterricht\/","og_locale":"de_DE","og_type":"article","og_title":"Deutsch lernen in Luzern | Privatunterricht nach Mass","og_description":"Deutsch lernen leicht gemacht: arrive bietet massgeschneiderten Unterricht, Pr\u00fcfungsvorbereitung und praxisnahe Workshops f\u00fcr Alltag und Beruf.","og_url":"https:\/\/timetoarrive.ch\/de\/deutschunterricht\/","og_site_name":"Time To Arrive","article_publisher":"https:\/\/www.facebook.com\/time2arrive","article_modified_time":"2025-11-03T10:41:26+00:00","twitter_card":"summary_large_image","twitter_misc":{"Gesch\u00e4tzte Lesezeit":"1\u00a0Minute"},"schema":{"@context":"https:\/\/schema.org","@graph":[{"@type":"WebPage","@id":"https:\/\/timetoarrive.ch\/de\/deutschunterricht\/","url":"https:\/\/timetoarrive.ch\/de\/deutschunterricht\/","name":"Deutsch lernen in Luzern | Privatunterricht nach Mass","isPartOf":{"@id":"https:\/\/timetoarrive.ch\/de\/#website"},"datePublished":"2025-09-20T06:19:55+00:00","dateModified":"2025-11-03T10:41:26+00:00","description":"Deutsch lernen leicht gemacht: arrive bietet massgeschneiderten Unterricht, Pr\u00fcfungsvorbereitung und praxisnahe Workshops f\u00fcr Alltag und Beruf.","breadcrumb":{"@id":"https:\/\/timetoarrive.ch\/de\/deutschunterricht\/#breadcrumb"},"inLanguage":"de","potentialAction":[{"@type":"ReadAction","target":["https:\/\/timetoarrive.ch\/de\/deutschunterricht\/"]}]},{"@type":"BreadcrumbList","@id":"https:\/\/timetoarrive.ch\/de\/deutschunterricht\/#breadcrumb","itemListElement":[{"@type":"ListItem","position":1,"name":"Home","item":"https:\/\/timetoarrive.ch\/de\/"},{"@type":"ListItem","position":2,"name":"Deutschunterricht"}]},{"@type":"WebSite","@id":"https:\/\/timetoarrive.ch\/de\/#website","url":"https:\/\/timetoarrive.ch\/de\/","name":"time to arrive","description":"Damit Sie in der Schweiz ankommen und bleiben","publisher":{"@id":"https:\/\/timetoarrive.ch\/de\/#organization"},"potentialAction":[{"@type":"SearchAction","target":{"@type":"EntryPoint","urlTemplate":"https:\/\/timetoarrive.ch\/de\/?s={search_term_string}"},"query-input":{"@type":"PropertyValueSpecification","valueRequired":true,"valueName":"search_term_string"}}],"inLanguage":"de"},{"@type":"Organization","@id":"https:\/\/timetoarrive.ch\/de\/#organization","name":"arrive GmbH","url":"https:\/\/timetoarrive.ch\/de\/","logo":{"@type":"ImageObject","inLanguage":"de","@id":"https:\/\/timetoarrive.ch\/de\/#\/schema\/logo\/image\/","url":"https:\/\/timetoarrive.ch\/wp-content\/uploads\/2025\/09\/time-to-arive-logo.webp","contentUrl":"https:\/\/timetoarrive.ch\/wp-content\/uploads\/2025\/09\/time-to-arive-logo.webp","width":500,"height":170,"caption":"arrive GmbH"},"image":{"@id":"https:\/\/timetoarrive.ch\/de\/#\/schema\/logo\/image\/"},"sameAs":["https:\/\/www.facebook.com\/time2arrive","https:\/\/www.instagram.com\/time2arrive\/","https:\/\/www.linkedin.com\/company\/time2arrive\/"]}]}},"_links":{"self":[{"href":"https:\/\/timetoarrive.ch\/de\/wp-json\/wp\/v2\/pages\/1520","targetHints":{"allow":["GET"]}}],"collection":[{"href":"https:\/\/timetoarrive.ch\/de\/wp-json\/wp\/v2\/pages"}],"about":[{"href":"https:\/\/timetoarrive.ch\/de\/wp-json\/wp\/v2\/types\/page"}],"author":[{"embeddable":true,"href":"https:\/\/timetoarrive.ch\/de\/wp-json\/wp\/v2\/users\/1"}],"replies":[{"embeddable":true,"href":"https:\/\/timetoarrive.ch\/de\/wp-json\/wp\/v2\/comments?post=1520"}],"version-history":[{"count":68,"href":"https:\/\/timetoarrive.ch\/de\/wp-json\/wp\/v2\/pages\/1520\/revisions"}],"predecessor-version":[{"id":2929,"href":"https:\/\/timetoarrive.ch\/de\/wp-json\/wp\/v2\/pages\/1520\/revisions\/2929"}],"wp:attachment":[{"href":"https:\/\/timetoarrive.ch\/de\/wp-json\/wp\/v2\/media?parent=1520"}],"curies":[{"name":"wp","href":"https:\/\/api.w.org\/{rel}","templated":true}]}}