{"id":1526,"date":"2025-09-20T06:20:02","date_gmt":"2025-09-20T06:20:02","guid":{"rendered":"https:\/\/timetoarrive.ch\/permits-citizenship\/"},"modified":"2025-11-03T10:40:51","modified_gmt":"2025-11-03T10:40:51","slug":"bewilligungen-und-einbuergerung","status":"publish","type":"page","link":"https:\/\/timetoarrive.ch\/de\/bewilligungen-und-einbuergerung\/","title":{"rendered":"Genehmigungen und Staatsb\u00fcrgerschaft"},"content":{"rendered":"\t\t<div data-elementor-type=\"wp-page\" data-elementor-id=\"1526\" class=\"elementor elementor-1526 elementor-20\" data-elementor-post-type=\"page\">\n\t\t\t\t<div class=\"elementor-element elementor-element-125e28d e-flex e-con-boxed e-con e-parent\" data-id=\"125e28d\" data-element_type=\"container\" data-e-type=\"container\" data-settings=\"{&quot;background_background&quot;:&quot;classic&quot;}\">\n\t\t\t\t\t<div class=\"e-con-inner\">\n\t\t\t\t<div class=\"elementor-element elementor-element-b0232dd elementor-widget__width-initial cu-title elementor-widget elementor-widget-heading\" data-id=\"b0232dd\" data-element_type=\"widget\" data-e-type=\"widget\" data-widget_type=\"heading.default\">\n\t\t\t\t\t<h2 class=\"elementor-heading-title elementor-size-default\">Bewilligungen &amp; Einb\u00fcrgerung<\/h2>\t\t\t\t<\/div>\n\t\t\t\t<div class=\"elementor-element elementor-element-f334e76 elementor-widget__width-initial cu-title elementor-widget elementor-widget-heading\" data-id=\"f334e76\" data-element_type=\"widget\" data-e-type=\"widget\" data-widget_type=\"heading.default\">\n\t\t\t\t\t<h1 class=\"elementor-heading-title elementor-size-default\">Wir begleiten Sie durch den B\u00fcrokratie-Dschungel \u2013 sei es auf dem Weg zur Einb\u00fcrgerung oder zu Ihrer Aufenthaltsbewilligung in der Schweiz.<\/h1>\t\t\t\t<\/div>\n\t\t\t\t\t<\/div>\n\t\t\t\t<\/div>\n\t\t<div class=\"elementor-element elementor-element-28395a3 e-flex e-con-boxed e-con e-parent\" data-id=\"28395a3\" data-element_type=\"container\" data-e-type=\"container\">\n\t\t\t\t\t<div class=\"e-con-inner\">\n\t\t<div class=\"elementor-element elementor-element-3d20a0e e-con-full e-flex e-con e-child\" data-id=\"3d20a0e\" data-element_type=\"container\" data-e-type=\"container\">\n\t\t\t\t<div class=\"elementor-element elementor-element-8c6d953 elementor-position-inline-start elementor-mobile-position-inline-start elementor-view-default elementor-widget elementor-widget-icon-box\" data-id=\"8c6d953\" data-element_type=\"widget\" data-e-type=\"widget\" data-widget_type=\"icon-box.default\">\n\t\t\t\t\t\t\t<div class=\"elementor-icon-box-wrapper\">\n\n\t\t\t\t\t\t<div class=\"elementor-icon-box-icon\">\n\t\t\t\t<span  class=\"elementor-icon\">\n\t\t\t\t<svg xmlns=\"http:\/\/www.w3.org\/2000\/svg\" clip-rule=\"evenodd\" fill-rule=\"evenodd\" height=\"43.349mm\" image-rendering=\"optimizeQuality\" shape-rendering=\"geometricPrecision\" text-rendering=\"geometricPrecision\" viewBox=\"0 0 43.3492 43.3492\" width=\"43.349mm\"><g id=\"Layer_x0020_1\"><path d=\"m18.7919 40.4666c-10.3656 0-18.7919-8.4264-18.7919-18.792s8.4263-18.792 18.7919-18.792c4.7533 0 9.2138 1.7264 12.689 4.912-1.1559.6835-2.2714 1.4406-3.3443 2.2601-2.6332-2.1243-5.9073-3.2939-9.3447-3.2939-8.2149 0-14.9137 6.6989-14.9137 14.9138s6.6988 14.9138 14.9137 14.9138c11.4303 0 18.2165-12.2181 13.3002-21.7178.7451-.6929 1.512-1.3645 2.2992-2.0137.2324-.1917.4668-.3816.7029-.5696 1.6446 2.8405 2.49 6.0611 2.49 9.3872-.0002 10.3657-8.4266 18.7921-18.7923 18.7921z\"><\/path><path d=\"m19.2856 31.335c-.2115 0-.3878-.141-.4583-.3173-.0352-.0705-3.0674-7.8976-7.7566-10.8592-.9167-.5641-1.6217-1.1635-1.3397-2.5033.282-1.3045 1.1635-2.0449 2.75-2.3975 2.8205-.5994 5.8526 3.7725 6.9809 5.5707 3.9487-5.7469 11.8463-14.7728 23.3401-15.8305.5545-.065.7595.7569.2468.9872-.1763.0705-16.6062 7.5804-23.2697 25.0679-.1057.1762-.282.282-.4935.282z\"><\/path><\/g><\/svg>\t\t\t\t<\/span>\n\t\t\t<\/div>\n\t\t\t\n\t\t\t\t\t\t<div class=\"elementor-icon-box-content\">\n\n\t\t\t\t\t\t\t\t\t<h3 class=\"elementor-icon-box-title\">\n\t\t\t\t\t\t<span  >\n\t\t\t\t\t\t\tIndividuelle Beratung\t\t\t\t\t\t<\/span>\n\t\t\t\t\t<\/h3>\n\t\t\t\t\n\t\t\t\t\t\t\t\t\t<p class=\"elementor-icon-box-description\">\n\t\t\t\t\t\tWir beantworten alle Ihre Fragen zu Voraussetzungen, Verfahren und Fristen. In einer pers\u00f6nlichen Beratung erhalten Sie einen klaren \u00dcberblick und wissen jederzeit, welche Schritte f\u00fcr Ihre Aufenthaltsbewilligung in der Schweiz als N\u00e4chstes anstehen.\t\t\t\t\t<\/p>\n\t\t\t\t\n\t\t\t<\/div>\n\t\t\t\n\t\t<\/div>\n\t\t\t\t\t\t<\/div>\n\t\t\t\t<div class=\"elementor-element elementor-element-23d79f2 elementor-position-inline-start elementor-mobile-position-inline-start elementor-view-default elementor-widget elementor-widget-icon-box\" data-id=\"23d79f2\" data-element_type=\"widget\" data-e-type=\"widget\" data-widget_type=\"icon-box.default\">\n\t\t\t\t\t\t\t<div class=\"elementor-icon-box-wrapper\">\n\n\t\t\t\t\t\t<div class=\"elementor-icon-box-icon\">\n\t\t\t\t<span  class=\"elementor-icon\">\n\t\t\t\t<svg xmlns=\"http:\/\/www.w3.org\/2000\/svg\" clip-rule=\"evenodd\" fill-rule=\"evenodd\" height=\"43.349mm\" image-rendering=\"optimizeQuality\" shape-rendering=\"geometricPrecision\" text-rendering=\"geometricPrecision\" viewBox=\"0 0 43.3492 43.3492\" width=\"43.349mm\"><g id=\"Layer_x0020_1\"><path d=\"m18.7919 40.4666c-10.3656 0-18.7919-8.4264-18.7919-18.792s8.4263-18.792 18.7919-18.792c4.7533 0 9.2138 1.7264 12.689 4.912-1.1559.6835-2.2714 1.4406-3.3443 2.2601-2.6332-2.1243-5.9073-3.2939-9.3447-3.2939-8.2149 0-14.9137 6.6989-14.9137 14.9138s6.6988 14.9138 14.9137 14.9138c11.4303 0 18.2165-12.2181 13.3002-21.7178.7451-.6929 1.512-1.3645 2.2992-2.0137.2324-.1917.4668-.3816.7029-.5696 1.6446 2.8405 2.49 6.0611 2.49 9.3872-.0002 10.3657-8.4266 18.7921-18.7923 18.7921z\"><\/path><path d=\"m19.2856 31.335c-.2115 0-.3878-.141-.4583-.3173-.0352-.0705-3.0674-7.8976-7.7566-10.8592-.9167-.5641-1.6217-1.1635-1.3397-2.5033.282-1.3045 1.1635-2.0449 2.75-2.3975 2.8205-.5994 5.8526 3.7725 6.9809 5.5707 3.9487-5.7469 11.8463-14.7728 23.3401-15.8305.5545-.065.7595.7569.2468.9872-.1763.0705-16.6062 7.5804-23.2697 25.0679-.1057.1762-.282.282-.4935.282z\"><\/path><\/g><\/svg>\t\t\t\t<\/span>\n\t\t\t<\/div>\n\t\t\t\n\t\t\t\t\t\t<div class=\"elementor-icon-box-content\">\n\n\t\t\t\t\t\t\t\t\t<h3 class=\"elementor-icon-box-title\">\n\t\t\t\t\t\t<span  >\n\t\t\t\t\t\t\tUnterst\u00fctzung beim Antrag\t\t\t\t\t\t<\/span>\n\t\t\t\t\t<\/h3>\n\t\t\t\t\n\t\t\t\t\t\t\t\t\t<p class=\"elementor-icon-box-description\">\n\t\t\t\t\t\tVon der Zusammenstellung der Unterlagen bis zur Einreichung begleiten wir Sie bei jedem\nSchritt des Antragsprozesses. Unser Ziel ist es, jeden Schritt f\u00fcr Sie so unkompliziert wie\nm\u00f6glich zu gestalten.\t\t\t\t\t<\/p>\n\t\t\t\t\n\t\t\t<\/div>\n\t\t\t\n\t\t<\/div>\n\t\t\t\t\t\t<\/div>\n\t\t\t\t<\/div>\n\t\t<div class=\"elementor-element elementor-element-771a09b e-con-full e-flex e-con e-child\" data-id=\"771a09b\" data-element_type=\"container\" data-e-type=\"container\">\n\t\t\t\t<div class=\"elementor-element elementor-element-51f9a00 elementor-position-inline-start elementor-mobile-position-inline-start elementor-view-default elementor-widget elementor-widget-icon-box\" data-id=\"51f9a00\" data-element_type=\"widget\" data-e-type=\"widget\" data-widget_type=\"icon-box.default\">\n\t\t\t\t\t\t\t<div class=\"elementor-icon-box-wrapper\">\n\n\t\t\t\t\t\t<div class=\"elementor-icon-box-icon\">\n\t\t\t\t<span  class=\"elementor-icon\">\n\t\t\t\t<svg xmlns=\"http:\/\/www.w3.org\/2000\/svg\" clip-rule=\"evenodd\" fill-rule=\"evenodd\" height=\"43.349mm\" image-rendering=\"optimizeQuality\" shape-rendering=\"geometricPrecision\" text-rendering=\"geometricPrecision\" viewBox=\"0 0 43.3492 43.3492\" width=\"43.349mm\"><g id=\"Layer_x0020_1\"><path d=\"m18.7919 40.4666c-10.3656 0-18.7919-8.4264-18.7919-18.792s8.4263-18.792 18.7919-18.792c4.7533 0 9.2138 1.7264 12.689 4.912-1.1559.6835-2.2714 1.4406-3.3443 2.2601-2.6332-2.1243-5.9073-3.2939-9.3447-3.2939-8.2149 0-14.9137 6.6989-14.9137 14.9138s6.6988 14.9138 14.9137 14.9138c11.4303 0 18.2165-12.2181 13.3002-21.7178.7451-.6929 1.512-1.3645 2.2992-2.0137.2324-.1917.4668-.3816.7029-.5696 1.6446 2.8405 2.49 6.0611 2.49 9.3872-.0002 10.3657-8.4266 18.7921-18.7923 18.7921z\"><\/path><path d=\"m19.2856 31.335c-.2115 0-.3878-.141-.4583-.3173-.0352-.0705-3.0674-7.8976-7.7566-10.8592-.9167-.5641-1.6217-1.1635-1.3397-2.5033.282-1.3045 1.1635-2.0449 2.75-2.3975 2.8205-.5994 5.8526 3.7725 6.9809 5.5707 3.9487-5.7469 11.8463-14.7728 23.3401-15.8305.5545-.065.7595.7569.2468.9872-.1763.0705-16.6062 7.5804-23.2697 25.0679-.1057.1762-.282.282-.4935.282z\"><\/path><\/g><\/svg>\t\t\t\t<\/span>\n\t\t\t<\/div>\n\t\t\t\n\t\t\t\t\t\t<div class=\"elementor-icon-box-content\">\n\n\t\t\t\t\t\t\t\t\t<h3 class=\"elementor-icon-box-title\">\n\t\t\t\t\t\t<span  >\n\t\t\t\t\t\t\tAntrags-Nachverfolgung\t\t\t\t\t\t<\/span>\n\t\t\t\t\t<\/h3>\n\t\t\t\t\n\t\t\t\t\t\t\t\t\t<p class=\"elementor-icon-box-description\">\n\t\t\t\t\t\tAuch nach der Antragstellung bleiben wir an Ihrer Seite. Wir behalten Fristen im Blick, verfolgen den Bearbeitungsstand Ihrer Aufenthaltsbewilligung in der Schweiz und kommunizieren bei Bedarf mit den Beh\u00f6rden, damit Ihr Antrag sicher vorankommt.\t\t\t\t\t<\/p>\n\t\t\t\t\n\t\t\t<\/div>\n\t\t\t\n\t\t<\/div>\n\t\t\t\t\t\t<\/div>\n\t\t\t\t<div class=\"elementor-element elementor-element-d353b1e elementor-position-inline-start elementor-mobile-position-inline-start elementor-view-default elementor-widget elementor-widget-icon-box\" data-id=\"d353b1e\" data-element_type=\"widget\" data-e-type=\"widget\" data-widget_type=\"icon-box.default\">\n\t\t\t\t\t\t\t<div class=\"elementor-icon-box-wrapper\">\n\n\t\t\t\t\t\t<div class=\"elementor-icon-box-icon\">\n\t\t\t\t<span  class=\"elementor-icon\">\n\t\t\t\t<svg xmlns=\"http:\/\/www.w3.org\/2000\/svg\" clip-rule=\"evenodd\" fill-rule=\"evenodd\" height=\"43.349mm\" image-rendering=\"optimizeQuality\" shape-rendering=\"geometricPrecision\" text-rendering=\"geometricPrecision\" viewBox=\"0 0 43.3492 43.3492\" width=\"43.349mm\"><g id=\"Layer_x0020_1\"><path d=\"m18.7919 40.4666c-10.3656 0-18.7919-8.4264-18.7919-18.792s8.4263-18.792 18.7919-18.792c4.7533 0 9.2138 1.7264 12.689 4.912-1.1559.6835-2.2714 1.4406-3.3443 2.2601-2.6332-2.1243-5.9073-3.2939-9.3447-3.2939-8.2149 0-14.9137 6.6989-14.9137 14.9138s6.6988 14.9138 14.9137 14.9138c11.4303 0 18.2165-12.2181 13.3002-21.7178.7451-.6929 1.512-1.3645 2.2992-2.0137.2324-.1917.4668-.3816.7029-.5696 1.6446 2.8405 2.49 6.0611 2.49 9.3872-.0002 10.3657-8.4266 18.7921-18.7923 18.7921z\"><\/path><path d=\"m19.2856 31.335c-.2115 0-.3878-.141-.4583-.3173-.0352-.0705-3.0674-7.8976-7.7566-10.8592-.9167-.5641-1.6217-1.1635-1.3397-2.5033.282-1.3045 1.1635-2.0449 2.75-2.3975 2.8205-.5994 5.8526 3.7725 6.9809 5.5707 3.9487-5.7469 11.8463-14.7728 23.3401-15.8305.5545-.065.7595.7569.2468.9872-.1763.0705-16.6062 7.5804-23.2697 25.0679-.1057.1762-.282.282-.4935.282z\"><\/path><\/g><\/svg>\t\t\t\t<\/span>\n\t\t\t<\/div>\n\t\t\t\n\t\t\t\t\t\t<div class=\"elementor-icon-box-content\">\n\n\t\t\t\t\t\t\t\t\t<h3 class=\"elementor-icon-box-title\">\n\t\t\t\t\t\t<span  >\n\t\t\t\t\t\t\tVorbereitung auf die Einb\u00fcrgerung\t\t\t\t\t\t<\/span>\n\t\t\t\t\t<\/h3>\n\t\t\t\t\n\t\t\t\t\t\t\t\t\t<p class=\"elementor-icon-box-description\">\n\t\t\t\t\t\tWir bereiten Sie gezielt auf das Einb\u00fcrgerungsgespr\u00e4ch und den Test vor, damit Sie das n\u00f6tige Wissen und die Sicherheit gewinnen, um diesen wichtigen Schritt erfolgreich zu meistern.\t\t\t\t\t<\/p>\n\t\t\t\t\n\t\t\t<\/div>\n\t\t\t\n\t\t<\/div>\n\t\t\t\t\t\t<\/div>\n\t\t\t\t<\/div>\n\t\t<div class=\"elementor-element elementor-element-c90ad6c e-con-full e-flex e-con e-child\" data-id=\"c90ad6c\" data-element_type=\"container\" data-e-type=\"container\" data-settings=\"{&quot;background_background&quot;:&quot;classic&quot;}\">\n\t\t\t\t<div class=\"elementor-element elementor-element-e100600 elementor-widget elementor-widget-heading\" data-id=\"e100600\" data-element_type=\"widget\" data-e-type=\"widget\" data-widget_type=\"heading.default\">\n\t\t\t\t\t<h2 class=\"elementor-heading-title elementor-size-default\">M\u00f6chten Sie ein pers\u00f6nliches Angebot erhalten?<\/h2>\t\t\t\t<\/div>\n\t\t\t\t<div class=\"elementor-element elementor-element-8926ecc elementor-widget elementor-widget-button\" data-id=\"8926ecc\" data-element_type=\"widget\" data-e-type=\"widget\" data-widget_type=\"button.default\">\n\t\t\t\t\t\t\t\t\t\t<a class=\"elementor-button elementor-button-link elementor-size-sm\" href=\"https:\/\/timetoarrive.ch\/de\/kontakt\/\">\n\t\t\t\t\t\t<span class=\"elementor-button-content-wrapper\">\n\t\t\t\t\t\t\t\t\t<span class=\"elementor-button-text\">Kontaktieren Sie uns<\/span>\n\t\t\t\t\t<\/span>\n\t\t\t\t\t<\/a>\n\t\t\t\t\t\t\t\t<\/div>\n\t\t\t\t<\/div>\n\t\t\t\t\t<\/div>\n\t\t\t\t<\/div>\n\t\t\t\t<\/div>\n\t\t","protected":false},"excerpt":{"rendered":"<p>Bewilligungen &amp; Einb\u00fcrgerung Wir begleiten Sie durch den B\u00fcrokratie-Dschungel \u2013 sei es auf dem Weg zur Einb\u00fcrgerung oder zu Ihrer Aufenthaltsbewilligung in der Schweiz. Individuelle Beratung Wir beantworten alle Ihre Fragen zu Voraussetzungen, Verfahren und Fristen. In einer pers\u00f6nlichen Beratung erhalten Sie einen klaren \u00dcberblick und wissen jederzeit, welche Schritte f\u00fcr Ihre Aufenthaltsbewilligung in der [&hellip;]<\/p>\n","protected":false},"author":1,"featured_media":0,"parent":0,"menu_order":5,"comment_status":"closed","ping_status":"closed","template":"elementor_header_footer","meta":{"footnotes":""},"class_list":["post-1526","page","type-page","status-publish","hentry"],"yoast_head":"<!-- This site is optimized with the Yoast SEO plugin v27.4 - https:\/\/yoast.com\/product\/yoast-seo-wordpress\/ -->\n<title>Aufenthaltsbewilligung Schweiz | Einfach &amp; stressfrei beantragen<\/title>\n<meta name=\"description\" content=\"Wir begleiten Sie Schritt f\u00fcr Schritt zur Aufenthaltsbewilligung in der Schweiz und auf dem Weg zum Schweizer Pass.\" \/>\n<meta name=\"robots\" content=\"index, follow, max-snippet:-1, max-image-preview:large, max-video-preview:-1\" \/>\n<link rel=\"canonical\" href=\"https:\/\/timetoarrive.ch\/de\/bewilligungen-und-einbuergerung\/\" \/>\n<meta property=\"og:locale\" content=\"de_DE\" \/>\n<meta property=\"og:type\" content=\"article\" \/>\n<meta property=\"og:title\" content=\"Aufenthaltsbewilligung Schweiz | Einfach &amp; stressfrei beantragen\" \/>\n<meta property=\"og:description\" content=\"Wir begleiten Sie Schritt f\u00fcr Schritt zur Aufenthaltsbewilligung in der Schweiz und auf dem Weg zum Schweizer Pass.\" \/>\n<meta property=\"og:url\" content=\"https:\/\/timetoarrive.ch\/de\/bewilligungen-und-einbuergerung\/\" \/>\n<meta property=\"og:site_name\" content=\"Time To Arrive\" \/>\n<meta property=\"article:publisher\" content=\"https:\/\/www.facebook.com\/time2arrive\" \/>\n<meta property=\"article:modified_time\" content=\"2025-11-03T10:40:51+00:00\" \/>\n<meta name=\"twitter:card\" content=\"summary_large_image\" \/>\n<meta name=\"twitter:label1\" content=\"Gesch\u00e4tzte Lesezeit\" \/>\n\t<meta name=\"twitter:data1\" content=\"1\u00a0Minute\" \/>\n<script type=\"application\/ld+json\" class=\"yoast-schema-graph\">{\"@context\":\"https:\\\/\\\/schema.org\",\"@graph\":[{\"@type\":\"WebPage\",\"@id\":\"https:\\\/\\\/timetoarrive.ch\\\/de\\\/bewilligungen-und-einbuergerung\\\/\",\"url\":\"https:\\\/\\\/timetoarrive.ch\\\/de\\\/bewilligungen-und-einbuergerung\\\/\",\"name\":\"Aufenthaltsbewilligung Schweiz | Einfach & stressfrei beantragen\",\"isPartOf\":{\"@id\":\"https:\\\/\\\/timetoarrive.ch\\\/de\\\/#website\"},\"datePublished\":\"2025-09-20T06:20:02+00:00\",\"dateModified\":\"2025-11-03T10:40:51+00:00\",\"description\":\"Wir begleiten Sie Schritt f\u00fcr Schritt zur Aufenthaltsbewilligung in der Schweiz und auf dem Weg zum Schweizer Pass.\",\"breadcrumb\":{\"@id\":\"https:\\\/\\\/timetoarrive.ch\\\/de\\\/bewilligungen-und-einbuergerung\\\/#breadcrumb\"},\"inLanguage\":\"de\",\"potentialAction\":[{\"@type\":\"ReadAction\",\"target\":[\"https:\\\/\\\/timetoarrive.ch\\\/de\\\/bewilligungen-und-einbuergerung\\\/\"]}]},{\"@type\":\"BreadcrumbList\",\"@id\":\"https:\\\/\\\/timetoarrive.ch\\\/de\\\/bewilligungen-und-einbuergerung\\\/#breadcrumb\",\"itemListElement\":[{\"@type\":\"ListItem\",\"position\":1,\"name\":\"Home\",\"item\":\"https:\\\/\\\/timetoarrive.ch\\\/de\\\/\"},{\"@type\":\"ListItem\",\"position\":2,\"name\":\"Genehmigungen und Staatsb\u00fcrgerschaft\"}]},{\"@type\":\"WebSite\",\"@id\":\"https:\\\/\\\/timetoarrive.ch\\\/de\\\/#website\",\"url\":\"https:\\\/\\\/timetoarrive.ch\\\/de\\\/\",\"name\":\"time to arrive\",\"description\":\"Damit Sie in der Schweiz ankommen und bleiben\",\"publisher\":{\"@id\":\"https:\\\/\\\/timetoarrive.ch\\\/de\\\/#organization\"},\"potentialAction\":[{\"@type\":\"SearchAction\",\"target\":{\"@type\":\"EntryPoint\",\"urlTemplate\":\"https:\\\/\\\/timetoarrive.ch\\\/de\\\/?s={search_term_string}\"},\"query-input\":{\"@type\":\"PropertyValueSpecification\",\"valueRequired\":true,\"valueName\":\"search_term_string\"}}],\"inLanguage\":\"de\"},{\"@type\":\"Organization\",\"@id\":\"https:\\\/\\\/timetoarrive.ch\\\/de\\\/#organization\",\"name\":\"arrive GmbH\",\"url\":\"https:\\\/\\\/timetoarrive.ch\\\/de\\\/\",\"logo\":{\"@type\":\"ImageObject\",\"inLanguage\":\"de\",\"@id\":\"https:\\\/\\\/timetoarrive.ch\\\/de\\\/#\\\/schema\\\/logo\\\/image\\\/\",\"url\":\"https:\\\/\\\/timetoarrive.ch\\\/wp-content\\\/uploads\\\/2025\\\/09\\\/time-to-arive-logo.webp\",\"contentUrl\":\"https:\\\/\\\/timetoarrive.ch\\\/wp-content\\\/uploads\\\/2025\\\/09\\\/time-to-arive-logo.webp\",\"width\":500,\"height\":170,\"caption\":\"arrive GmbH\"},\"image\":{\"@id\":\"https:\\\/\\\/timetoarrive.ch\\\/de\\\/#\\\/schema\\\/logo\\\/image\\\/\"},\"sameAs\":[\"https:\\\/\\\/www.facebook.com\\\/time2arrive\",\"https:\\\/\\\/www.instagram.com\\\/time2arrive\\\/\",\"https:\\\/\\\/www.linkedin.com\\\/company\\\/time2arrive\\\/\"]}]}<\/script>\n<!-- \/ Yoast SEO plugin. -->","yoast_head_json":{"title":"Aufenthaltsbewilligung Schweiz | Einfach & stressfrei beantragen","description":"Wir begleiten Sie Schritt f\u00fcr Schritt zur Aufenthaltsbewilligung in der Schweiz und auf dem Weg zum Schweizer Pass.","robots":{"index":"index","follow":"follow","max-snippet":"max-snippet:-1","max-image-preview":"max-image-preview:large","max-video-preview":"max-video-preview:-1"},"canonical":"https:\/\/timetoarrive.ch\/de\/bewilligungen-und-einbuergerung\/","og_locale":"de_DE","og_type":"article","og_title":"Aufenthaltsbewilligung Schweiz | Einfach & stressfrei beantragen","og_description":"Wir begleiten Sie Schritt f\u00fcr Schritt zur Aufenthaltsbewilligung in der Schweiz und auf dem Weg zum Schweizer Pass.","og_url":"https:\/\/timetoarrive.ch\/de\/bewilligungen-und-einbuergerung\/","og_site_name":"Time To Arrive","article_publisher":"https:\/\/www.facebook.com\/time2arrive","article_modified_time":"2025-11-03T10:40:51+00:00","twitter_card":"summary_large_image","twitter_misc":{"Gesch\u00e4tzte Lesezeit":"1\u00a0Minute"},"schema":{"@context":"https:\/\/schema.org","@graph":[{"@type":"WebPage","@id":"https:\/\/timetoarrive.ch\/de\/bewilligungen-und-einbuergerung\/","url":"https:\/\/timetoarrive.ch\/de\/bewilligungen-und-einbuergerung\/","name":"Aufenthaltsbewilligung Schweiz | Einfach & stressfrei beantragen","isPartOf":{"@id":"https:\/\/timetoarrive.ch\/de\/#website"},"datePublished":"2025-09-20T06:20:02+00:00","dateModified":"2025-11-03T10:40:51+00:00","description":"Wir begleiten Sie Schritt f\u00fcr Schritt zur Aufenthaltsbewilligung in der Schweiz und auf dem Weg zum Schweizer Pass.","breadcrumb":{"@id":"https:\/\/timetoarrive.ch\/de\/bewilligungen-und-einbuergerung\/#breadcrumb"},"inLanguage":"de","potentialAction":[{"@type":"ReadAction","target":["https:\/\/timetoarrive.ch\/de\/bewilligungen-und-einbuergerung\/"]}]},{"@type":"BreadcrumbList","@id":"https:\/\/timetoarrive.ch\/de\/bewilligungen-und-einbuergerung\/#breadcrumb","itemListElement":[{"@type":"ListItem","position":1,"name":"Home","item":"https:\/\/timetoarrive.ch\/de\/"},{"@type":"ListItem","position":2,"name":"Genehmigungen und Staatsb\u00fcrgerschaft"}]},{"@type":"WebSite","@id":"https:\/\/timetoarrive.ch\/de\/#website","url":"https:\/\/timetoarrive.ch\/de\/","name":"time to arrive","description":"Damit Sie in der Schweiz ankommen und bleiben","publisher":{"@id":"https:\/\/timetoarrive.ch\/de\/#organization"},"potentialAction":[{"@type":"SearchAction","target":{"@type":"EntryPoint","urlTemplate":"https:\/\/timetoarrive.ch\/de\/?s={search_term_string}"},"query-input":{"@type":"PropertyValueSpecification","valueRequired":true,"valueName":"search_term_string"}}],"inLanguage":"de"},{"@type":"Organization","@id":"https:\/\/timetoarrive.ch\/de\/#organization","name":"arrive GmbH","url":"https:\/\/timetoarrive.ch\/de\/","logo":{"@type":"ImageObject","inLanguage":"de","@id":"https:\/\/timetoarrive.ch\/de\/#\/schema\/logo\/image\/","url":"https:\/\/timetoarrive.ch\/wp-content\/uploads\/2025\/09\/time-to-arive-logo.webp","contentUrl":"https:\/\/timetoarrive.ch\/wp-content\/uploads\/2025\/09\/time-to-arive-logo.webp","width":500,"height":170,"caption":"arrive GmbH"},"image":{"@id":"https:\/\/timetoarrive.ch\/de\/#\/schema\/logo\/image\/"},"sameAs":["https:\/\/www.facebook.com\/time2arrive","https:\/\/www.instagram.com\/time2arrive\/","https:\/\/www.linkedin.com\/company\/time2arrive\/"]}]}},"_links":{"self":[{"href":"https:\/\/timetoarrive.ch\/de\/wp-json\/wp\/v2\/pages\/1526","targetHints":{"allow":["GET"]}}],"collection":[{"href":"https:\/\/timetoarrive.ch\/de\/wp-json\/wp\/v2\/pages"}],"about":[{"href":"https:\/\/timetoarrive.ch\/de\/wp-json\/wp\/v2\/types\/page"}],"author":[{"embeddable":true,"href":"https:\/\/timetoarrive.ch\/de\/wp-json\/wp\/v2\/users\/1"}],"replies":[{"embeddable":true,"href":"https:\/\/timetoarrive.ch\/de\/wp-json\/wp\/v2\/comments?post=1526"}],"version-history":[{"count":50,"href":"https:\/\/timetoarrive.ch\/de\/wp-json\/wp\/v2\/pages\/1526\/revisions"}],"predecessor-version":[{"id":2926,"href":"https:\/\/timetoarrive.ch\/de\/wp-json\/wp\/v2\/pages\/1526\/revisions\/2926"}],"wp:attachment":[{"href":"https:\/\/timetoarrive.ch\/de\/wp-json\/wp\/v2\/media?parent=1526"}],"curies":[{"name":"wp","href":"https:\/\/api.w.org\/{rel}","templated":true}]}}